{"id":4992,"date":"2025-07-27T00:28:58","date_gmt":"2025-07-26T22:28:58","guid":{"rendered":"https:\/\/fc-ans.be\/?page_id=4992"},"modified":"2025-11-12T11:51:58","modified_gmt":"2025-11-12T10:51:58","slug":"juprelle-fc-ans","status":"publish","type":"page","link":"https:\/\/fc-ans.be\/?page_id=4992","title":{"rendered":"FC ANS ACADEMY PRESENTATION"},"content":{"rendered":"\n<figure class=\"wp-block-image size-large\"><img loading=\"lazy\" decoding=\"async\" width=\"1024\" height=\"213\" src=\"https:\/\/fc-ans.be\/wp-content\/uploads\/2025\/07\/picture-05-1-1024x213.jpg\" alt=\"\" class=\"wp-image-4743\" srcset=\"https:\/\/fc-ans.be\/wp-content\/uploads\/2025\/07\/picture-05-1-1024x213.jpg 1024w, https:\/\/fc-ans.be\/wp-content\/uploads\/2025\/07\/picture-05-1-300x63.jpg 300w, https:\/\/fc-ans.be\/wp-content\/uploads\/2025\/07\/picture-05-1-768x160.jpg 768w, https:\/\/fc-ans.be\/wp-content\/uploads\/2025\/07\/picture-05-1-1536x320.jpg 1536w, https:\/\/fc-ans.be\/wp-content\/uploads\/2025\/07\/picture-05-1-128x27.jpg 128w, https:\/\/fc-ans.be\/wp-content\/uploads\/2025\/07\/picture-05-1-32x7.jpg 32w, https:\/\/fc-ans.be\/wp-content\/uploads\/2025\/07\/picture-05-1.jpg 1920w\" sizes=\"auto, (max-width: 1024px) 100vw, 1024px\" \/><\/figure>\n\n\n\n<h4 class=\"wp-block-heading has-text-align-center\">Les photos r\u00e9alis\u00e9es lors de la pr\u00e9sentation des joueurs de la FC Ans Academy<br>(Merci \u00e0 Kylian Perrin pour ses superbes photos !)<br><\/h4>\n\n\n\n<div style=\"width:100%\"><div class=\"wd_error\"><p><strong>There is no gallery selected or the gallery was deleted.<\/strong><\/p><\/div><\/div>\n","protected":false},"excerpt":{"rendered":"<p>Les photos r\u00e9alis\u00e9es lors de la pr\u00e9sentation des joueurs de la FC Ans Academy(Merci \u00e0 Kylian Perrin pour ses superbes photos !)<\/p>\n","protected":false},"author":1,"featured_media":0,"parent":0,"menu_order":0,"comment_status":"closed","ping_status":"closed","template":"page-no-title","meta":{"footnotes":""},"class_list":["post-4992","page","type-page","status-publish","hentry"],"_links":{"self":[{"href":"https:\/\/fc-ans.be\/index.php?rest_route=\/wp\/v2\/pages\/4992","targetHints":{"allow":["GET"]}}],"collection":[{"href":"https:\/\/fc-ans.be\/index.php?rest_route=\/wp\/v2\/pages"}],"about":[{"href":"https:\/\/fc-ans.be\/index.php?rest_route=\/wp\/v2\/types\/page"}],"author":[{"embeddable":true,"href":"https:\/\/fc-ans.be\/index.php?rest_route=\/wp\/v2\/users\/1"}],"replies":[{"embeddable":true,"href":"https:\/\/fc-ans.be\/index.php?rest_route=%2Fwp%2Fv2%2Fcomments&post=4992"}],"version-history":[{"count":3,"href":"https:\/\/fc-ans.be\/index.php?rest_route=\/wp\/v2\/pages\/4992\/revisions"}],"predecessor-version":[{"id":5618,"href":"https:\/\/fc-ans.be\/index.php?rest_route=\/wp\/v2\/pages\/4992\/revisions\/5618"}],"wp:attachment":[{"href":"https:\/\/fc-ans.be\/index.php?rest_route=%2Fwp%2Fv2%2Fmedia&parent=4992"}],"curies":[{"name":"wp","href":"https:\/\/api.w.org\/{rel}","templated":true}]}}