{"id":4805,"date":"2025-07-17T23:29:11","date_gmt":"2025-07-17T21:29:11","guid":{"rendered":"https:\/\/fc-ans.be\/?page_id=4805"},"modified":"2025-07-18T00:20:38","modified_gmt":"2025-07-17T22:20:38","slug":"nos-installations","status":"publish","type":"page","link":"https:\/\/fc-ans.be\/?page_id=4805","title":{"rendered":"Nos installations"},"content":{"rendered":"\n<figure class=\"wp-block-image size-large\"><img loading=\"lazy\" decoding=\"async\" width=\"1024\" height=\"213\" src=\"https:\/\/fc-ans.be\/wp-content\/uploads\/2025\/07\/picture-05-1-1024x213.jpg\" alt=\"\" class=\"wp-image-4743\" srcset=\"https:\/\/fc-ans.be\/wp-content\/uploads\/2025\/07\/picture-05-1-1024x213.jpg 1024w, https:\/\/fc-ans.be\/wp-content\/uploads\/2025\/07\/picture-05-1-300x63.jpg 300w, https:\/\/fc-ans.be\/wp-content\/uploads\/2025\/07\/picture-05-1-768x160.jpg 768w, https:\/\/fc-ans.be\/wp-content\/uploads\/2025\/07\/picture-05-1-1536x320.jpg 1536w, https:\/\/fc-ans.be\/wp-content\/uploads\/2025\/07\/picture-05-1-128x27.jpg 128w, https:\/\/fc-ans.be\/wp-content\/uploads\/2025\/07\/picture-05-1-32x7.jpg 32w, https:\/\/fc-ans.be\/wp-content\/uploads\/2025\/07\/picture-05-1.jpg 1920w\" sizes=\"auto, (max-width: 1024px) 100vw, 1024px\" \/><\/figure>\n\n\n\n<h2 class=\"wp-block-heading\">Le Stade Dominique D&rsquo;Onofrio<\/h2>\n\n\n\n<p>Le FC Ans \u00e9volue dans les installations mises \u00e0 sa disposition par la ville d&rsquo;Ans et la RCA AnSports. Inaugur\u00e9 en janvier 2024, le <strong>Stade Dominique D&rsquo;Onofrio<\/strong> situ\u00e9 Rue Gilles Magn\u00e9e, 121 bis 4430 Ans est un complexe sportif moderne con\u00e7u pour r\u00e9pondre aux besoins des joueurs de football de tous \u00e2ges et niveaux.<br>Le stade propose deux terrains en gazon naturel, parfaits pour les matchs traditionnels, ainsi qu&rsquo;un terrain synth\u00e9tique offrant une surface de jeu optimale en toutes conditions.<br>Les infrastructures sont soigneusement pens\u00e9es pour maximiser le confort des utilisateurs : les terrains en gazon disposent de vestiaires adapt\u00e9s aux jeunes joueurs (U5 \u00e0 U8) et aux \u00e9quipes de 11 contre 11, avec un total de 50 douches et 2 vestiaires arbitres. Le terrain synth\u00e9tique est \u00e9galement \u00e9quip\u00e9 de vestiaires pour les jeunes et les \u00e9quipes, avec 50 douches et un vestiaire arbitre d\u00e9di\u00e9.<br>Le Club-House du stade offre une vue panoramique imprenable sur les deux terrains et comprend une salle de r\u00e9union, un bureau, ainsi qu&rsquo;une cuisine avec un bar. Pour plus de commodit\u00e9, des sanitaires sont \u00e9galement \u00e0 disposition.<\/p>\n\n\n<style id=\"wp_carousel_dynamic_css4812\">#sp-wp-carousel-free-id-4812 .wpcp-swiper-dots {margin: 40px 0px 0px 0px;}.wpcp-wrapper-4812 .swiper-wrapper .swiper-slide-kenburn, .wpcp-wrapper-4812 .swiper-wrapper, .wpcp-wrapper-4812 .wpcpro-row{align-items: center;}#sp-wp-carousel-free-id-4812 .wpcp-single-item {box-shadow: 0px 0px 0px 0px #dddddd;transition: all .3s;margin: 0px;}#sp-wp-carousel-free-id-4812.swiper-flip .wpcp-single-item{margin: 0!important;}#sp-wp-carousel-free-id-4812 .wpcp-single-item:hover {box-shadow: 0px 0px 0px 0px #dddddd;}#sp-wp-carousel-free-id-4812.sp-wpcp-4812 .wpcp-single-item {border: 1px solid #dddddd;}#sp-wp-carousel-free-id-4812.sp-wpcp-4812 .swiper-button-prev,#sp-wp-carousel-free-id-4812.sp-wpcp-4812 .swiper-button-next,#sp-wp-carousel-free-id-4812.sp-wpcp-4812 .swiper-button-prev:hover,#sp-wp-carousel-free-id-4812.sp-wpcp-4812 .swiper-button-next:hover {background: none;border: none;font-size: 30px;}#sp-wp-carousel-free-id-4812.sp-wpcp-4812 .swiper-button-prev i,#sp-wp-carousel-free-id-4812.sp-wpcp-4812 .swiper-button-next i {color: #aaa;}#sp-wp-carousel-free-id-4812.sp-wpcp-4812 .swiper-button-prev i:hover,#sp-wp-carousel-free-id-4812.sp-wpcp-4812 .swiper-button-next i:hover {color: #178087;}#sp-wp-carousel-free-id-4812.sp-wpcp-4812 .wpcp-swiper-dots .swiper-pagination-bullet {background-color: #cccccc;}#sp-wp-carousel-free-id-4812.sp-wpcp-4812 .wpcp-swiper-dots .swiper-pagination-bullet.swiper-pagination-bullet-active {background-color: #178087;} #sp-wp-carousel-free-id-4812.sp-wpcp-4812.wpcp-image-carousel .wpcp-single-item:hover img, #sp-wp-carousel-free-id-4812.sp-wpcp-4812.wpcp-post-carousel .wpcp-single-item:hover img, #sp-wp-carousel-free-id-4812.sp-wpcp-4812.wpcp-product-carousel .wpcp-single-item:hover img{-webkit-transform: scale(1.2);-moz-transform: scale(1.2);transform: scale(1.2);}#sp-wp-carousel-free-id-4812 .wpcpro-row>[class*=\"wpcpro-col-\"] { padding: 0 10px; padding-bottom: 20px;} #sp-wp-carousel-free-id-4812 .swiper-slide .single-item-fade:not(:last-child) { margin-right: 20px;}@media (min-width: 480px) { .wpcpro-row .wpcpro-col-sm-1 { flex: 0 0 100%; max-width: 100%; } .wpcpro-row .wpcpro-col-sm-2 { flex: 0 0 50%; max-width: 50%; } .wpcpro-row .wpcpro-col-sm-2-5 { flex: 0 0 75%; max-width: 75%; } .wpcpro-row .wpcpro-col-sm-3 { flex: 0 0 33.333%; max-width: 33.333%; } .wpcpro-row .wpcpro-col-sm-4 { flex: 0 0 25%; max-width: 25%; } .wpcpro-row .wpcpro-col-sm-5 { flex: 0 0 20%; max-width: 20%; } .wpcpro-row .wpcpro-col-sm-6 { flex: 0 0 16.66666666666667%; max-width: 16.66666666666667%; } .wpcpro-row .wpcpro-col-sm-7 { flex: 0 0 14.28571428%; max-width: 14.28571428%; } .wpcpro-row .wpcpro-col-sm-8 { flex: 0 0 12.5%; max-width: 12.5%; } } @media (max-width: 480px) { .wpcpro-row .wpcpro-col-xs-1 { flex: 0 0 100%; max-width: 100%; } .wpcpro-row .wpcpro-col-xs-2 { flex: 0 0 50%; max-width: 50%; } .wpcpro-row .wpcpro-col-xs-3 { flex: 0 0 33.222%; max-width: 33.222%; } .wpcpro-row .wpcpro-col-xs-4 { flex: 0 0 25%; max-width: 25%; } .wpcpro-row .wpcpro-col-xs-5 { flex: 0 0 20%; max-width: 20%; } .wpcpro-row .wpcpro-col-xs-6 { flex: 0 0 16.6667%; max-width: 16.6667%; } .wpcpro-row .wpcpro-col-xs-7 { flex: 0 0 14.28571428%; max-width: 14.28571428%; } .wpcpro-row .wpcpro-col-xs-8 { flex: 0 0 12.5%; max-width: 12.5%; } } @media (min-width: 736px) { .wpcpro-row .wpcpro-col-md-1 { flex: 0 0 100%; max-width: 100%; } .wpcpro-row .wpcpro-col-md-2 { flex: 0 0 50%; max-width: 50%; } .wpcpro-row .wpcpro-col-md-2-5 { flex: 0 0 75%; max-width: 75%; } .wpcpro-row .wpcpro-col-md-3 { flex: 0 0 33.333%; max-width: 33.333%; } .wpcpro-row .wpcpro-col-md-4 { flex: 0 0 25%; max-width: 25%; } .wpcpro-row .wpcpro-col-md-5 { flex: 0 0 20%; max-width: 20%; } .wpcpro-row .wpcpro-col-md-6 { flex: 0 0 16.66666666666667%; max-width: 16.66666666666667%; } .wpcpro-row .wpcpro-col-md-7 { flex: 0 0 14.28571428%; max-width: 14.28571428%; } .wpcpro-row .wpcpro-col-md-8 { flex: 0 0 12.5%; max-width: 12.5%; } } @media (min-width: 980px) { .wpcpro-row .wpcpro-col-lg-1 { flex: 0 0 100%; max-width: 100%; } .wpcpro-row .wpcpro-col-lg-2 { flex: 0 0 50%; max-width: 50%; } .wpcpro-row .wpcpro-col-lg-3 { flex: 0 0 33.222%; max-width: 33.222%; } .wpcpro-row .wpcpro-col-lg-4 { flex: 0 0 25%; max-width: 25%; } .wpcpro-row .wpcpro-col-lg-5 { flex: 0 0 20%; max-width: 20%; } .wpcpro-row .wpcpro-col-lg-6 { flex: 0 0 16.6667%; max-width: 16.6667%; } .wpcpro-row .wpcpro-col-lg-7 { flex: 0 0 14.28571428%; max-width: 14.28571428%; } .wpcpro-row .wpcpro-col-lg-8 { flex: 0 0 12.5%; max-width: 12.5%; } } @media (min-width: 1200px) { .wpcpro-row .wpcpro-col-xl-1 { flex: 0 0 100%; max-width: 100%; } .wpcpro-row .wpcpro-col-xl-2 { flex: 0 0 50%; max-width: 50%; } .wpcpro-row .wpcpro-col-xl-3 { flex: 0 0 33.22222222%; max-width: 33.22222222%; } .wpcpro-row .wpcpro-col-xl-4 { flex: 0 0 25%; max-width: 25%; } .wpcpro-row .wpcpro-col-xl-5 { flex: 0 0 20%; max-width: 20%; } .wpcpro-row .wpcpro-col-xl-6 { flex: 0 0 16.66667%; max-width: 16.66667%; } .wpcpro-row .wpcpro-col-xl-7 { flex: 0 0 14.28571428%; max-width: 14.28571428%; } .wpcpro-row .wpcpro-col-xl-8 { flex: 0 0 12.5%; max-width: 12.5%; } }<\/style><div class=\"wpcp-carousel-wrapper wpcp-wrapper-4812\">\n\t<div id=\"wpcp-preloader-4812\" class=\"wpcp-carousel-preloader\"><img decoding=\"async\" src=\"https:\/\/fc-ans.be\/wp-content\/plugins\/wp-carousel-free\/public\/css\/spinner.svg\" alt=\"Preloader Image\" \/><\/div>\t<div class=\"wpcp-carousel-content-wrapper\">\n\t<div id=\"sp-wp-carousel-free-id-4812\" class=\"wpcp-carousel-section sp-wpcp-4812  nav-vertical-center wpcp-image-carousel wpcp-preloader wpcp-standard wpcp-center\" data-swiper='{ &quot;accessibility&quot;:true, &quot;spaceBetween&quot;:20, &quot;arrows&quot;:true, &quot;freeMode&quot;: false, &quot;autoplay&quot;:true, &quot;effect&quot;: &quot;slide&quot;, &quot;centerMode&quot;: true, &quot;autoplaySpeed&quot;:3000, &quot;dots&quot;:true, &quot;infinite&quot;:true, &quot;speed&quot;:600, &quot;pauseOnHover&quot;:true,\n\t\t\t&quot;slidesToShow&quot;:{&quot;lg_desktop&quot;:5, &quot;desktop&quot;: 4, &quot;laptop&quot;: 3, &quot;tablet&quot;: 2, &quot;mobile&quot;: 1}, &quot;responsive&quot;:{&quot;desktop&quot;:1200, &quot;laptop&quot;: 980, &quot;tablet&quot;: 736, &quot;mobile&quot;: 480}, &quot;rtl&quot;:false, &quot;lazyLoad&quot;: &quot;false&quot;, &quot;swipe&quot;: true, &quot;draggable&quot;: true, &quot;swipeToSlide&quot;:false }' dir=\"ltr\">\n\t\t<div class=\"swiper-wrapper\">\n\t\t<div class=\"swiper-slide\">\n\t<div class=\"wpcp-single-item\">\n\t\t\t<a class=\"wcp-light-box\" data-buttons='[\"close\"]' data-wpc_url='https:\/\/fc-ans.be\/wp-content\/uploads\/2025\/07\/inst-01.jpg' href=\"https:\/\/fc-ans.be\/wp-content\/uploads\/2025\/07\/inst-01.jpg\" data-fancybox=\"wpcp_view\">\n\t\t<figure>\n\t\t\t<img loading=\"lazy\" decoding=\"async\" class=\"skip-lazy\" src=\"https:\/\/fc-ans.be\/wp-content\/uploads\/2025\/07\/inst-01.jpg\" alt=\"inst-01\" width=\"650\" height=\"470\">\t\t<\/figure>\n\t<\/a>\n\t\t<\/div>\n<\/div>\n\t<div class=\"swiper-slide\">\n\t<div class=\"wpcp-single-item\">\n\t\t\t<a class=\"wcp-light-box\" data-buttons='[\"close\"]' data-wpc_url='https:\/\/fc-ans.be\/wp-content\/uploads\/2025\/07\/inst-02.jpg' href=\"https:\/\/fc-ans.be\/wp-content\/uploads\/2025\/07\/inst-02.jpg\" data-fancybox=\"wpcp_view\">\n\t\t<figure>\n\t\t\t<img loading=\"lazy\" decoding=\"async\" class=\"skip-lazy\" src=\"https:\/\/fc-ans.be\/wp-content\/uploads\/2025\/07\/inst-02.jpg\" alt=\"inst-02\" width=\"650\" height=\"470\">\t\t<\/figure>\n\t<\/a>\n\t\t<\/div>\n<\/div>\n\t<div class=\"swiper-slide\">\n\t<div class=\"wpcp-single-item\">\n\t\t\t<a class=\"wcp-light-box\" data-buttons='[\"close\"]' data-wpc_url='https:\/\/fc-ans.be\/wp-content\/uploads\/2025\/07\/inst-03.jpg' href=\"https:\/\/fc-ans.be\/wp-content\/uploads\/2025\/07\/inst-03.jpg\" data-fancybox=\"wpcp_view\">\n\t\t<figure>\n\t\t\t<img loading=\"lazy\" decoding=\"async\" class=\"skip-lazy\" src=\"https:\/\/fc-ans.be\/wp-content\/uploads\/2025\/07\/inst-03.jpg\" alt=\"inst-03\" width=\"650\" height=\"470\">\t\t<\/figure>\n\t<\/a>\n\t\t<\/div>\n<\/div>\n\t<div class=\"swiper-slide\">\n\t<div class=\"wpcp-single-item\">\n\t\t\t<a class=\"wcp-light-box\" data-buttons='[\"close\"]' data-wpc_url='https:\/\/fc-ans.be\/wp-content\/uploads\/2025\/07\/inst-04.jpg' href=\"https:\/\/fc-ans.be\/wp-content\/uploads\/2025\/07\/inst-04.jpg\" data-fancybox=\"wpcp_view\">\n\t\t<figure>\n\t\t\t<img loading=\"lazy\" decoding=\"async\" class=\"skip-lazy\" src=\"https:\/\/fc-ans.be\/wp-content\/uploads\/2025\/07\/inst-04.jpg\" alt=\"inst-04\" width=\"650\" height=\"470\">\t\t<\/figure>\n\t<\/a>\n\t\t<\/div>\n<\/div>\n\t<div class=\"swiper-slide\">\n\t<div class=\"wpcp-single-item\">\n\t\t\t<a class=\"wcp-light-box\" data-buttons='[\"close\"]' data-wpc_url='https:\/\/fc-ans.be\/wp-content\/uploads\/2025\/07\/inst-05.jpg' href=\"https:\/\/fc-ans.be\/wp-content\/uploads\/2025\/07\/inst-05.jpg\" data-fancybox=\"wpcp_view\">\n\t\t<figure>\n\t\t\t<img loading=\"lazy\" decoding=\"async\" class=\"skip-lazy\" src=\"https:\/\/fc-ans.be\/wp-content\/uploads\/2025\/07\/inst-05.jpg\" alt=\"inst-05\" width=\"650\" height=\"470\">\t\t<\/figure>\n\t<\/a>\n\t\t<\/div>\n<\/div>\n\t<div class=\"swiper-slide\">\n\t<div class=\"wpcp-single-item\">\n\t\t\t<a class=\"wcp-light-box\" data-buttons='[\"close\"]' data-wpc_url='https:\/\/fc-ans.be\/wp-content\/uploads\/2025\/07\/inst-06.jpg' href=\"https:\/\/fc-ans.be\/wp-content\/uploads\/2025\/07\/inst-06.jpg\" data-fancybox=\"wpcp_view\">\n\t\t<figure>\n\t\t\t<img loading=\"lazy\" decoding=\"async\" class=\"skip-lazy\" src=\"https:\/\/fc-ans.be\/wp-content\/uploads\/2025\/07\/inst-06.jpg\" alt=\"inst-06\" width=\"650\" height=\"470\">\t\t<\/figure>\n\t<\/a>\n\t\t<\/div>\n<\/div>\n\t<div class=\"swiper-slide\">\n\t<div class=\"wpcp-single-item\">\n\t\t\t<a class=\"wcp-light-box\" data-buttons='[\"close\"]' data-wpc_url='https:\/\/fc-ans.be\/wp-content\/uploads\/2025\/07\/inst-07.jpg' href=\"https:\/\/fc-ans.be\/wp-content\/uploads\/2025\/07\/inst-07.jpg\" data-fancybox=\"wpcp_view\">\n\t\t<figure>\n\t\t\t<img loading=\"lazy\" decoding=\"async\" class=\"skip-lazy\" src=\"https:\/\/fc-ans.be\/wp-content\/uploads\/2025\/07\/inst-07.jpg\" alt=\"inst-07\" width=\"650\" height=\"470\">\t\t<\/figure>\n\t<\/a>\n\t\t<\/div>\n<\/div>\n\t<div class=\"swiper-slide\">\n\t<div class=\"wpcp-single-item\">\n\t\t\t<a class=\"wcp-light-box\" data-buttons='[\"close\"]' data-wpc_url='https:\/\/fc-ans.be\/wp-content\/uploads\/2025\/07\/inst-08.jpg' href=\"https:\/\/fc-ans.be\/wp-content\/uploads\/2025\/07\/inst-08.jpg\" data-fancybox=\"wpcp_view\">\n\t\t<figure>\n\t\t\t<img loading=\"lazy\" decoding=\"async\" class=\"skip-lazy\" src=\"https:\/\/fc-ans.be\/wp-content\/uploads\/2025\/07\/inst-08.jpg\" alt=\"inst-08\" width=\"650\" height=\"470\">\t\t<\/figure>\n\t<\/a>\n\t\t<\/div>\n<\/div>\n\t<div class=\"swiper-slide\">\n\t<div class=\"wpcp-single-item\">\n\t\t\t<a class=\"wcp-light-box\" data-buttons='[\"close\"]' data-wpc_url='https:\/\/fc-ans.be\/wp-content\/uploads\/2025\/07\/inst-09.jpg' href=\"https:\/\/fc-ans.be\/wp-content\/uploads\/2025\/07\/inst-09.jpg\" data-fancybox=\"wpcp_view\">\n\t\t<figure>\n\t\t\t<img loading=\"lazy\" decoding=\"async\" class=\"skip-lazy\" src=\"https:\/\/fc-ans.be\/wp-content\/uploads\/2025\/07\/inst-09.jpg\" alt=\"inst-09\" width=\"650\" height=\"470\">\t\t<\/figure>\n\t<\/a>\n\t\t<\/div>\n<\/div>\n\t<div class=\"swiper-slide\">\n\t<div class=\"wpcp-single-item\">\n\t\t\t<a class=\"wcp-light-box\" data-buttons='[\"close\"]' data-wpc_url='https:\/\/fc-ans.be\/wp-content\/uploads\/2025\/07\/inst-10.jpg' href=\"https:\/\/fc-ans.be\/wp-content\/uploads\/2025\/07\/inst-10.jpg\" data-fancybox=\"wpcp_view\">\n\t\t<figure>\n\t\t\t<img loading=\"lazy\" decoding=\"async\" class=\"skip-lazy\" src=\"https:\/\/fc-ans.be\/wp-content\/uploads\/2025\/07\/inst-10.jpg\" alt=\"inst-10\" width=\"650\" height=\"470\">\t\t<\/figure>\n\t<\/a>\n\t\t<\/div>\n<\/div>\n\t<div class=\"swiper-slide\">\n\t<div class=\"wpcp-single-item\">\n\t\t\t<a class=\"wcp-light-box\" data-buttons='[\"close\"]' data-wpc_url='https:\/\/fc-ans.be\/wp-content\/uploads\/2025\/07\/inst-11.jpg' href=\"https:\/\/fc-ans.be\/wp-content\/uploads\/2025\/07\/inst-11.jpg\" data-fancybox=\"wpcp_view\">\n\t\t<figure>\n\t\t\t<img loading=\"lazy\" decoding=\"async\" class=\"skip-lazy\" src=\"https:\/\/fc-ans.be\/wp-content\/uploads\/2025\/07\/inst-11.jpg\" alt=\"inst-11\" width=\"650\" height=\"470\">\t\t<\/figure>\n\t<\/a>\n\t\t<\/div>\n<\/div>\n\t<div class=\"swiper-slide\">\n\t<div class=\"wpcp-single-item\">\n\t\t\t<a class=\"wcp-light-box\" data-buttons='[\"close\"]' data-wpc_url='https:\/\/fc-ans.be\/wp-content\/uploads\/2025\/07\/inst-12.jpg' href=\"https:\/\/fc-ans.be\/wp-content\/uploads\/2025\/07\/inst-12.jpg\" data-fancybox=\"wpcp_view\">\n\t\t<figure>\n\t\t\t<img loading=\"lazy\" decoding=\"async\" class=\"skip-lazy\" src=\"https:\/\/fc-ans.be\/wp-content\/uploads\/2025\/07\/inst-12.jpg\" alt=\"inst-12\" width=\"650\" height=\"470\">\t\t<\/figure>\n\t<\/a>\n\t\t<\/div>\n<\/div>\n\t<div class=\"swiper-slide\">\n\t<div class=\"wpcp-single-item\">\n\t\t\t<a class=\"wcp-light-box\" data-buttons='[\"close\"]' data-wpc_url='https:\/\/fc-ans.be\/wp-content\/uploads\/2025\/07\/inst-13.jpg' href=\"https:\/\/fc-ans.be\/wp-content\/uploads\/2025\/07\/inst-13.jpg\" data-fancybox=\"wpcp_view\">\n\t\t<figure>\n\t\t\t<img loading=\"lazy\" decoding=\"async\" class=\"skip-lazy\" src=\"https:\/\/fc-ans.be\/wp-content\/uploads\/2025\/07\/inst-13.jpg\" alt=\"inst-13\" width=\"650\" height=\"470\">\t\t<\/figure>\n\t<\/a>\n\t\t<\/div>\n<\/div>\n\t<div class=\"swiper-slide\">\n\t<div class=\"wpcp-single-item\">\n\t\t\t<a class=\"wcp-light-box\" data-buttons='[\"close\"]' data-wpc_url='https:\/\/fc-ans.be\/wp-content\/uploads\/2025\/07\/inst-14.jpg' href=\"https:\/\/fc-ans.be\/wp-content\/uploads\/2025\/07\/inst-14.jpg\" data-fancybox=\"wpcp_view\">\n\t\t<figure>\n\t\t\t<img loading=\"lazy\" decoding=\"async\" class=\"skip-lazy\" src=\"https:\/\/fc-ans.be\/wp-content\/uploads\/2025\/07\/inst-14.jpg\" alt=\"inst-14\" width=\"650\" height=\"470\">\t\t<\/figure>\n\t<\/a>\n\t\t<\/div>\n<\/div>\n\t<div class=\"swiper-slide\">\n\t<div class=\"wpcp-single-item\">\n\t\t\t<a class=\"wcp-light-box\" data-buttons='[\"close\"]' data-wpc_url='https:\/\/fc-ans.be\/wp-content\/uploads\/2025\/07\/inst-15.jpg' href=\"https:\/\/fc-ans.be\/wp-content\/uploads\/2025\/07\/inst-15.jpg\" data-fancybox=\"wpcp_view\">\n\t\t<figure>\n\t\t\t<img loading=\"lazy\" decoding=\"async\" class=\"skip-lazy\" src=\"https:\/\/fc-ans.be\/wp-content\/uploads\/2025\/07\/inst-15.jpg\" alt=\"inst-15\" width=\"650\" height=\"470\">\t\t<\/figure>\n\t<\/a>\n\t\t<\/div>\n<\/div>\n\t\t\t<\/div>\n\t\t\t\t\t<div class=\"wpcp-swiper-dots swiper-pagination\"><\/div>\n\t\t\t\t<!-- If we need navigation buttons -->\n\t\t\t\t\t<div class=\"wpcp-prev-button swiper-button-prev\"><i class=\"fa fa-angle-left\"><\/i><\/div>\n\t\t\t<div class=\"wpcp-next-button swiper-button-next\"><i class=\"fa fa-angle-right\"><\/i><\/div>\n\t\t\t<\/div>\n\t<\/div>\n<\/div>\n\n","protected":false},"excerpt":{"rendered":"<p>Le Stade Dominique D&rsquo;Onofrio Le FC Ans \u00e9volue dans les installations mises \u00e0 sa disposition par la ville d&rsquo;Ans et la RCA AnSports. Inaugur\u00e9 en janvier 2024, le Stade Dominique D&rsquo;Onofrio situ\u00e9 Rue Gilles Magn\u00e9e, 121 bis 4430 Ans est un complexe sportif moderne con\u00e7u pour r\u00e9pondre aux besoins des joueurs de football de tous [&hellip;]<\/p>\n","protected":false},"author":1,"featured_media":0,"parent":0,"menu_order":0,"comment_status":"closed","ping_status":"closed","template":"page-no-title","meta":{"footnotes":""},"class_list":["post-4805","page","type-page","status-publish","hentry"],"_links":{"self":[{"href":"https:\/\/fc-ans.be\/index.php?rest_route=\/wp\/v2\/pages\/4805","targetHints":{"allow":["GET"]}}],"collection":[{"href":"https:\/\/fc-ans.be\/index.php?rest_route=\/wp\/v2\/pages"}],"about":[{"href":"https:\/\/fc-ans.be\/index.php?rest_route=\/wp\/v2\/types\/page"}],"author":[{"embeddable":true,"href":"https:\/\/fc-ans.be\/index.php?rest_route=\/wp\/v2\/users\/1"}],"replies":[{"embeddable":true,"href":"https:\/\/fc-ans.be\/index.php?rest_route=%2Fwp%2Fv2%2Fcomments&post=4805"}],"version-history":[{"count":5,"href":"https:\/\/fc-ans.be\/index.php?rest_route=\/wp\/v2\/pages\/4805\/revisions"}],"predecessor-version":[{"id":4828,"href":"https:\/\/fc-ans.be\/index.php?rest_route=\/wp\/v2\/pages\/4805\/revisions\/4828"}],"wp:attachment":[{"href":"https:\/\/fc-ans.be\/index.php?rest_route=%2Fwp%2Fv2%2Fmedia&parent=4805"}],"curies":[{"name":"wp","href":"https:\/\/api.w.org\/{rel}","templated":true}]}}