{"id":4793,"date":"2025-07-17T22:55:40","date_gmt":"2025-07-17T20:55:40","guid":{"rendered":"https:\/\/fc-ans.be\/?page_id=4793"},"modified":"2025-07-17T23:12:16","modified_gmt":"2025-07-17T21:12:16","slug":"staff-sportif","status":"publish","type":"page","link":"https:\/\/fc-ans.be\/?page_id=4793","title":{"rendered":"Staff sportif"},"content":{"rendered":"\n<figure class=\"wp-block-image size-large\"><img loading=\"lazy\" decoding=\"async\" width=\"1024\" height=\"213\" src=\"https:\/\/fc-ans.be\/wp-content\/uploads\/2025\/07\/picture-05-1-1024x213.jpg\" alt=\"\" class=\"wp-image-4743\" srcset=\"https:\/\/fc-ans.be\/wp-content\/uploads\/2025\/07\/picture-05-1-1024x213.jpg 1024w, https:\/\/fc-ans.be\/wp-content\/uploads\/2025\/07\/picture-05-1-300x63.jpg 300w, https:\/\/fc-ans.be\/wp-content\/uploads\/2025\/07\/picture-05-1-768x160.jpg 768w, https:\/\/fc-ans.be\/wp-content\/uploads\/2025\/07\/picture-05-1-1536x320.jpg 1536w, https:\/\/fc-ans.be\/wp-content\/uploads\/2025\/07\/picture-05-1-128x27.jpg 128w, https:\/\/fc-ans.be\/wp-content\/uploads\/2025\/07\/picture-05-1-32x7.jpg 32w, https:\/\/fc-ans.be\/wp-content\/uploads\/2025\/07\/picture-05-1.jpg 1920w\" sizes=\"auto, (max-width: 1024px) 100vw, 1024px\" \/><\/figure>\n\n\n\n<h2 class=\"wp-block-heading\">Organisation sportive<\/h2>\n\n\n\n<ul class=\"wp-block-list\">\n<li>Entra\u00eeneur (T1) : <strong><em>Philippe Caserini<\/em><\/strong><\/li>\n\n\n\n<li>Entra\u00eeneur (T2) : <strong><em>Alfonse Zicari<\/em><\/strong><\/li>\n\n\n\n<li>Entra\u00eeneur des gardiens (E. GAR.) : <strong><em>Arnaud Courtois<\/em><\/strong><\/li>\n\n\n\n<li>Pr\u00e9parateur Physique (P.P.) : <strong><em>Yves Philippe<\/em><\/strong><\/li>\n\n\n\n<li>D\u00e9l\u00e9gu\u00e9 au terrain (DELE.) : <strong><em>Rosario Vizzini<\/em><\/strong><\/li>\n\n\n\n<li>M\u00e9decin (DOC.) : <strong><em>Thierry Lahaye<\/em><\/strong><\/li>\n<\/ul>\n\n\n\n<p><\/p>\n","protected":false},"excerpt":{"rendered":"<p>Organisation sportive<\/p>\n","protected":false},"author":1,"featured_media":0,"parent":0,"menu_order":0,"comment_status":"closed","ping_status":"closed","template":"page-no-title","meta":{"footnotes":""},"class_list":["post-4793","page","type-page","status-publish","hentry"],"_links":{"self":[{"href":"https:\/\/fc-ans.be\/index.php?rest_route=\/wp\/v2\/pages\/4793","targetHints":{"allow":["GET"]}}],"collection":[{"href":"https:\/\/fc-ans.be\/index.php?rest_route=\/wp\/v2\/pages"}],"about":[{"href":"https:\/\/fc-ans.be\/index.php?rest_route=\/wp\/v2\/types\/page"}],"author":[{"embeddable":true,"href":"https:\/\/fc-ans.be\/index.php?rest_route=\/wp\/v2\/users\/1"}],"replies":[{"embeddable":true,"href":"https:\/\/fc-ans.be\/index.php?rest_route=%2Fwp%2Fv2%2Fcomments&post=4793"}],"version-history":[{"count":2,"href":"https:\/\/fc-ans.be\/index.php?rest_route=\/wp\/v2\/pages\/4793\/revisions"}],"predecessor-version":[{"id":4796,"href":"https:\/\/fc-ans.be\/index.php?rest_route=\/wp\/v2\/pages\/4793\/revisions\/4796"}],"wp:attachment":[{"href":"https:\/\/fc-ans.be\/index.php?rest_route=%2Fwp%2Fv2%2Fmedia&parent=4793"}],"curies":[{"name":"wp","href":"https:\/\/api.w.org\/{rel}","templated":true}]}}