{"id":4776,"date":"2025-07-17T00:08:12","date_gmt":"2025-07-16T22:08:12","guid":{"rendered":"https:\/\/fc-ans.be\/?page_id=4776"},"modified":"2026-03-04T11:15:16","modified_gmt":"2026-03-04T10:15:16","slug":"inscription-academy","status":"publish","type":"page","link":"https:\/\/fc-ans.be\/?page_id=4776","title":{"rendered":"Inscription \u00e0 la FC Ans Academy"},"content":{"rendered":"\n<figure class=\"wp-block-image aligncenter size-large\"><img loading=\"lazy\" decoding=\"async\" width=\"1024\" height=\"213\" src=\"https:\/\/fc-ans.be\/wp-content\/uploads\/2025\/07\/ENTETE-ACADEMY-01-1024x213.jpg\" alt=\"\" class=\"wp-image-4750\" srcset=\"https:\/\/fc-ans.be\/wp-content\/uploads\/2025\/07\/ENTETE-ACADEMY-01-1024x213.jpg 1024w, https:\/\/fc-ans.be\/wp-content\/uploads\/2025\/07\/ENTETE-ACADEMY-01-300x63.jpg 300w, https:\/\/fc-ans.be\/wp-content\/uploads\/2025\/07\/ENTETE-ACADEMY-01-768x160.jpg 768w, https:\/\/fc-ans.be\/wp-content\/uploads\/2025\/07\/ENTETE-ACADEMY-01-1536x320.jpg 1536w, https:\/\/fc-ans.be\/wp-content\/uploads\/2025\/07\/ENTETE-ACADEMY-01-128x27.jpg 128w, https:\/\/fc-ans.be\/wp-content\/uploads\/2025\/07\/ENTETE-ACADEMY-01-32x7.jpg 32w, https:\/\/fc-ans.be\/wp-content\/uploads\/2025\/07\/ENTETE-ACADEMY-01.jpg 1920w\" sizes=\"auto, (max-width: 1024px) 100vw, 1024px\" \/><\/figure>\n\n\n\n<div class=\"wp-block-columns is-layout-flex wp-container-core-columns-is-layout-28f84493 wp-block-columns-is-layout-flex\">\n<div class=\"wp-block-column is-style-bk-box-shadow-large has-global-padding is-content-justification-right is-layout-constrained wp-container-core-column-is-layout-9d69d12a wp-block-column-is-layout-constrained\" style=\"flex-basis:80%\"><style id=\"wpforms-css-vars-171-block-48976594-be07-4ce4-be4c-baa7801bc8b8\">\n\t\t\t\t#wpforms-171.wpforms-block-48976594-be07-4ce4-be4c-baa7801bc8b8 {\n\t\t\t\t--wpforms-field-background-color: #8ed1fc;\n--wpforms-field-size-input-height: 43px;\n--wpforms-field-size-input-spacing: 15px;\n--wpforms-field-size-font-size: 16px;\n--wpforms-field-size-line-height: 19px;\n--wpforms-field-size-padding-h: 14px;\n--wpforms-field-size-checkbox-size: 16px;\n--wpforms-field-size-sublabel-spacing: 5px;\n--wpforms-field-size-icon-size: 1;\n--wpforms-label-size-font-size: 16px;\n--wpforms-label-size-line-height: 19px;\n--wpforms-label-size-sublabel-font-size: 14px;\n--wpforms-label-size-sublabel-line-height: 17px;\n--wpforms-button-size-font-size: 17px;\n--wpforms-button-size-height: 41px;\n--wpforms-button-size-padding-h: 15px;\n--wpforms-button-size-margin-top: 10px;\n\n\t\t\t}\n\t\t\t<\/style><div class=\"wpforms-container wpforms-container-full wpforms-block wpforms-block-48976594-be07-4ce4-be4c-baa7801bc8b8 wpforms-render-modern\" id=\"wpforms-171\"><form id=\"wpforms-form-171\" class=\"wpforms-validate wpforms-form wpforms-ajax-form\" data-formid=\"171\" method=\"post\" enctype=\"multipart\/form-data\" action=\"\/index.php?rest_route=%2Fwp%2Fv2%2Fpages%2F4776\" data-token=\"43743eb9cdba917da8d5ad7af0940265\" data-token-time=\"1776759669\"><div class=\"wpforms-head-container\"><div class=\"wpforms-title\">Saison 2026\/2027 &#8211; Demande d&#039;inscription \u00e0 la FC Ans Academy<\/div><\/div><noscript class=\"wpforms-error-noscript\">Veuillez activer JavaScript dans votre navigateur pour remplir ce formulaire.<\/noscript><div class=\"wpforms-hidden\" id=\"wpforms-error-noscript\">Veuillez activer JavaScript dans votre navigateur pour remplir ce formulaire.<\/div><div class=\"wpforms-field-container\"><div id=\"wpforms-171-field_27-container\" class=\"wpforms-field wpforms-field-name\" data-field-id=\"27\"><fieldset><legend class=\"wpforms-field-label\">Nom <span class=\"wpforms-required-label\" aria-hidden=\"true\">*<\/span><\/legend><div class=\"wpforms-field-row wpforms-field-medium\"><div class=\"wpforms-field-row-block wpforms-first wpforms-one-half\"><input type=\"text\" id=\"wpforms-171-field_27\" class=\"wpforms-field-name-first wpforms-field-required\" name=\"wpforms[fields][27][first]\" aria-errormessage=\"wpforms-171-field_27-error\" required><label for=\"wpforms-171-field_27\" class=\"wpforms-field-sublabel after\">Pr\u00e9nom<\/label><\/div><div class=\"wpforms-field-row-block wpforms-one-half\"><input type=\"text\" id=\"wpforms-171-field_27-last\" class=\"wpforms-field-name-last wpforms-field-required\" name=\"wpforms[fields][27][last]\" aria-errormessage=\"wpforms-171-field_27-last-error\" required><label for=\"wpforms-171-field_27-last\" class=\"wpforms-field-sublabel after\">Nom<\/label><\/div><\/div><\/fieldset><\/div><div id=\"wpforms-171-field_13-container\" class=\"wpforms-field wpforms-field-text\" data-field-id=\"13\"><label class=\"wpforms-field-label\" for=\"wpforms-171-field_13\">Rue et num\u00e9ro <span class=\"wpforms-required-label\" aria-hidden=\"true\">*<\/span><\/label><input type=\"text\" id=\"wpforms-171-field_13\" class=\"wpforms-field-small wpforms-field-required\" name=\"wpforms[fields][13]\" aria-errormessage=\"wpforms-171-field_13-error\" required><\/div><div id=\"wpforms-171-field_14-container\" class=\"wpforms-field wpforms-field-text\" data-field-id=\"14\"><label class=\"wpforms-field-label\" for=\"wpforms-171-field_14\">Localit\u00e9 <span class=\"wpforms-required-label\" aria-hidden=\"true\">*<\/span><\/label><input type=\"text\" id=\"wpforms-171-field_14\" class=\"wpforms-field-small wpforms-field-required\" name=\"wpforms[fields][14]\" aria-errormessage=\"wpforms-171-field_14-error\" required><\/div><div id=\"wpforms-171-field_25-container\" class=\"wpforms-field wpforms-field-text\" data-field-id=\"25\"><label class=\"wpforms-field-label\" for=\"wpforms-171-field_25\">Code postal <span class=\"wpforms-required-label\" aria-hidden=\"true\">*<\/span><\/label><input type=\"text\" id=\"wpforms-171-field_25\" class=\"wpforms-field-small wpforms-field-required\" name=\"wpforms[fields][25]\" aria-errormessage=\"wpforms-171-field_25-error\" required><\/div><div id=\"wpforms-171-field_10-container\" class=\"wpforms-field wpforms-field-text\" data-field-id=\"10\"><label class=\"wpforms-field-label\" for=\"wpforms-171-field_10\">Date de naissance <span class=\"wpforms-required-label\" aria-hidden=\"true\">*<\/span><\/label><input type=\"text\" id=\"wpforms-171-field_10\" class=\"wpforms-field-small wpforms-field-required wpforms-limit-characters-enabled\" data-form-id=\"171\" data-field-id=\"10\" data-text-limit=\"10\" name=\"wpforms[fields][10]\" value=\"00\/00\/0000\" aria-errormessage=\"wpforms-171-field_10-error\" maxlength=\"10\" required><\/div><div id=\"wpforms-171-field_23-container\" class=\"wpforms-field wpforms-field-text\" data-field-id=\"23\"><label class=\"wpforms-field-label\" for=\"wpforms-171-field_23\">T\u00e9l\u00e9phone <span class=\"wpforms-required-label\" aria-hidden=\"true\">*<\/span><\/label><input type=\"text\" id=\"wpforms-171-field_23\" class=\"wpforms-field-small wpforms-field-required\" name=\"wpforms[fields][23]\" aria-errormessage=\"wpforms-171-field_23-error\" required><\/div><div id=\"wpforms-171-field_8-container\" class=\"wpforms-field wpforms-field-email\" data-field-id=\"8\"><label class=\"wpforms-field-label\" for=\"wpforms-171-field_8\">Email <span class=\"wpforms-required-label\" aria-hidden=\"true\">*<\/span><\/label><input type=\"email\" id=\"wpforms-171-field_8\" class=\"wpforms-field-medium wpforms-field-required\" name=\"wpforms[fields][8]\" spellcheck=\"false\" aria-errormessage=\"wpforms-171-field_8-error\" required><\/div><div id=\"wpforms-171-field_4-container\" class=\"wpforms-field wpforms-field-radio\" data-field-id=\"4\"><fieldset><legend class=\"wpforms-field-label\">Etes-vous d\u00e9j\u00e0 affili\u00e9 \u00e0 un club ? <span class=\"wpforms-required-label\" aria-hidden=\"true\">*<\/span><\/legend><ul id=\"wpforms-171-field_4\" class=\"wpforms-field-required\"><li class=\"choice-2 depth-1\"><input type=\"radio\" id=\"wpforms-171-field_4_2\" name=\"wpforms[fields][4]\" value=\"Non\" aria-errormessage=\"wpforms-171-field_4_2-error\" required ><label class=\"wpforms-field-label-inline\" for=\"wpforms-171-field_4_2\">Non<\/label><\/li><li class=\"choice-3 depth-1\"><input type=\"radio\" id=\"wpforms-171-field_4_3\" name=\"wpforms[fields][4]\" value=\"OUI\" aria-errormessage=\"wpforms-171-field_4_3-error\" required ><label class=\"wpforms-field-label-inline\" for=\"wpforms-171-field_4_3\">OUI<\/label><\/li><\/ul><\/fieldset><\/div><div id=\"wpforms-171-field_16-container\" class=\"wpforms-field wpforms-field-text\" data-field-id=\"16\"><label class=\"wpforms-field-label\" for=\"wpforms-171-field_16\">Si oui, quel est le nom de ce club ?<\/label><input type=\"text\" id=\"wpforms-171-field_16\" class=\"wpforms-field-medium\" name=\"wpforms[fields][16]\" aria-errormessage=\"wpforms-171-field_16-error\" ><\/div><div id=\"wpforms-171-field_19-container\" class=\"wpforms-field wpforms-field-checkbox\" data-field-id=\"19\"><fieldset><legend class=\"wpforms-field-label\">A quelle(s) position(s) jouez-vous si vous \u00eates d\u00e9j\u00e0 affili\u00e9 dans un club ?<\/legend><ul id=\"wpforms-171-field_19\"><li class=\"choice-1 depth-1\"><input type=\"checkbox\" id=\"wpforms-171-field_19_1\" name=\"wpforms[fields][19][]\" value=\"Gardien de but\" aria-errormessage=\"wpforms-171-field_19_1-error\"  ><label class=\"wpforms-field-label-inline\" for=\"wpforms-171-field_19_1\">Gardien de but<\/label><\/li><li class=\"choice-2 depth-1\"><input type=\"checkbox\" id=\"wpforms-171-field_19_2\" name=\"wpforms[fields][19][]\" value=\"D\u00e9fenseur\" aria-errormessage=\"wpforms-171-field_19_2-error\"  ><label class=\"wpforms-field-label-inline\" for=\"wpforms-171-field_19_2\">D\u00e9fenseur<\/label><\/li><li class=\"choice-3 depth-1\"><input type=\"checkbox\" id=\"wpforms-171-field_19_3\" name=\"wpforms[fields][19][]\" value=\"Milieu\" aria-errormessage=\"wpforms-171-field_19_3-error\"  ><label class=\"wpforms-field-label-inline\" for=\"wpforms-171-field_19_3\">Milieu<\/label><\/li><li class=\"choice-4 depth-1\"><input type=\"checkbox\" id=\"wpforms-171-field_19_4\" name=\"wpforms[fields][19][]\" value=\"Attaquant\" aria-errormessage=\"wpforms-171-field_19_4-error\"  ><label class=\"wpforms-field-label-inline\" for=\"wpforms-171-field_19_4\">Attaquant<\/label><\/li><li class=\"choice-5 depth-1\"><input type=\"checkbox\" id=\"wpforms-171-field_19_5\" name=\"wpforms[fields][19][]\" value=\"Ne sais pas\" aria-errormessage=\"wpforms-171-field_19_5-error\"  ><label class=\"wpforms-field-label-inline\" for=\"wpforms-171-field_19_5\">Ne sais pas<\/label><\/li><\/ul><\/fieldset><\/div><div id=\"wpforms-171-field_7-container\" class=\"wpforms-field wpforms-field-textarea\" data-field-id=\"7\"><label class=\"wpforms-field-label\" for=\"wpforms-171-field_7\">Avez-vous des questions ?<\/label><textarea id=\"wpforms-171-field_7\" class=\"wpforms-field-medium\" name=\"wpforms[fields][7]\" aria-errormessage=\"wpforms-171-field_7-error\" ><\/textarea><\/div><\/div><!-- .wpforms-field-container --><div class=\"wpforms-submit-container\" ><input type=\"hidden\" name=\"wpforms[id]\" value=\"171\"><input type=\"hidden\" name=\"page_title\" value=\"\"><input type=\"hidden\" name=\"page_url\" value=\"https:\/\/fc-ans.be\/index.php?rest_route=\/wp\/v2\/pages\/4776\"><input type=\"hidden\" name=\"url_referer\" value=\"\"><button type=\"submit\" name=\"wpforms[submit]\" id=\"wpforms-submit-171\" class=\"wpforms-submit\" data-alt-text=\"En cours d&#039;envoi\" data-submit-text=\"Envoyer la demande\" aria-live=\"assertive\" value=\"wpforms-submit\">Envoyer la demande<\/button><img loading=\"lazy\" decoding=\"async\" src=\"https:\/\/fc-ans.be\/wp-content\/plugins\/wpforms-lite\/assets\/images\/submit-spin.svg\" class=\"wpforms-submit-spinner\" style=\"display: none;\" width=\"26\" height=\"26\" alt=\"Chargement en cours\"><\/div><\/form><\/div>  <!-- .wpforms-container --><\/div>\n<\/div>\n","protected":false},"excerpt":{"rendered":"","protected":false},"author":1,"featured_media":0,"parent":0,"menu_order":0,"comment_status":"closed","ping_status":"closed","template":"page-no-title","meta":{"footnotes":""},"class_list":["post-4776","page","type-page","status-publish","hentry"],"_links":{"self":[{"href":"https:\/\/fc-ans.be\/index.php?rest_route=\/wp\/v2\/pages\/4776","targetHints":{"allow":["GET"]}}],"collection":[{"href":"https:\/\/fc-ans.be\/index.php?rest_route=\/wp\/v2\/pages"}],"about":[{"href":"https:\/\/fc-ans.be\/index.php?rest_route=\/wp\/v2\/types\/page"}],"author":[{"embeddable":true,"href":"https:\/\/fc-ans.be\/index.php?rest_route=\/wp\/v2\/users\/1"}],"replies":[{"embeddable":true,"href":"https:\/\/fc-ans.be\/index.php?rest_route=%2Fwp%2Fv2%2Fcomments&post=4776"}],"version-history":[{"count":7,"href":"https:\/\/fc-ans.be\/index.php?rest_route=\/wp\/v2\/pages\/4776\/revisions"}],"predecessor-version":[{"id":5736,"href":"https:\/\/fc-ans.be\/index.php?rest_route=\/wp\/v2\/pages\/4776\/revisions\/5736"}],"wp:attachment":[{"href":"https:\/\/fc-ans.be\/index.php?rest_route=%2Fwp%2Fv2%2Fmedia&parent=4776"}],"curies":[{"name":"wp","href":"https:\/\/api.w.org\/{rel}","templated":true}]}}