{"id":4739,"date":"2025-07-16T20:00:41","date_gmt":"2025-07-16T18:00:41","guid":{"rendered":"https:\/\/fc-ans.be\/?page_id=4739"},"modified":"2025-07-18T12:07:39","modified_gmt":"2025-07-18T10:07:39","slug":"les-gladiators","status":"publish","type":"page","link":"https:\/\/fc-ans.be\/?page_id=4739","title":{"rendered":"Les Gladiators"},"content":{"rendered":"\n<figure class=\"wp-block-image size-large\"><img loading=\"lazy\" decoding=\"async\" width=\"1024\" height=\"213\" src=\"https:\/\/fc-ans.be\/wp-content\/uploads\/2025\/07\/picture-05-1-1024x213.jpg\" alt=\"\" class=\"wp-image-4743\" srcset=\"https:\/\/fc-ans.be\/wp-content\/uploads\/2025\/07\/picture-05-1-1024x213.jpg 1024w, https:\/\/fc-ans.be\/wp-content\/uploads\/2025\/07\/picture-05-1-300x63.jpg 300w, https:\/\/fc-ans.be\/wp-content\/uploads\/2025\/07\/picture-05-1-768x160.jpg 768w, https:\/\/fc-ans.be\/wp-content\/uploads\/2025\/07\/picture-05-1-1536x320.jpg 1536w, https:\/\/fc-ans.be\/wp-content\/uploads\/2025\/07\/picture-05-1-128x27.jpg 128w, https:\/\/fc-ans.be\/wp-content\/uploads\/2025\/07\/picture-05-1-32x7.jpg 32w, https:\/\/fc-ans.be\/wp-content\/uploads\/2025\/07\/picture-05-1.jpg 1920w\" sizes=\"auto, (max-width: 1024px) 100vw, 1024px\" \/><\/figure>\n\n\n\n<blockquote class=\"wp-block-quote is-layout-flow wp-block-quote-is-layout-flow\">\n<p class=\"has-secondary-accent-color has-vivid-cyan-blue-background-color has-text-color has-background has-link-color has-large-font-size wp-elements-e3bfcd2e33058430b52065a157281b66\"><em><strong>Ce que l\u2019on fait sur les pelouses r\u00e9sonnera au firmament des classements !<br>Telle est la devise de nos Gladiators<\/strong><\/em><\/p>\n<\/blockquote>\n\n\n\n<h4 class=\"wp-block-heading\">D\u00e9couvrez les Gladiators qui vont repr\u00e9senter le FC Ans lors de la saison 2025-2026<\/h4>\n\n\n\n<div class=\"wp-block-columns is-layout-flex wp-container-core-columns-is-layout-28f84493 wp-block-columns-is-layout-flex\">\n<div class=\"wp-block-column is-layout-flow wp-block-column-is-layout-flow\">\n<figure class=\"wp-block-image aligncenter size-full\"><img loading=\"lazy\" decoding=\"async\" width=\"300\" height=\"324\" src=\"https:\/\/fc-ans.be\/wp-content\/uploads\/2025\/07\/Camizzi-02.jpg\" alt=\"\" class=\"wp-image-4789\" srcset=\"https:\/\/fc-ans.be\/wp-content\/uploads\/2025\/07\/Camizzi-02.jpg 300w, https:\/\/fc-ans.be\/wp-content\/uploads\/2025\/07\/Camizzi-02-278x300.jpg 278w, https:\/\/fc-ans.be\/wp-content\/uploads\/2025\/07\/Camizzi-02-119x128.jpg 119w, https:\/\/fc-ans.be\/wp-content\/uploads\/2025\/07\/Camizzi-02-30x32.jpg 30w\" sizes=\"auto, (max-width: 300px) 100vw, 300px\" \/><\/figure>\n<\/div>\n\n\n\n<div class=\"wp-block-column is-layout-flow wp-block-column-is-layout-flow\">\n<figure class=\"wp-block-image aligncenter size-full\"><img loading=\"lazy\" decoding=\"async\" width=\"300\" height=\"324\" src=\"https:\/\/fc-ans.be\/wp-content\/uploads\/2025\/07\/Zenarro-Franco-02.jpg\" alt=\"\" class=\"wp-image-4833\" srcset=\"https:\/\/fc-ans.be\/wp-content\/uploads\/2025\/07\/Zenarro-Franco-02.jpg 300w, https:\/\/fc-ans.be\/wp-content\/uploads\/2025\/07\/Zenarro-Franco-02-278x300.jpg 278w, https:\/\/fc-ans.be\/wp-content\/uploads\/2025\/07\/Zenarro-Franco-02-119x128.jpg 119w, https:\/\/fc-ans.be\/wp-content\/uploads\/2025\/07\/Zenarro-Franco-02-30x32.jpg 30w\" sizes=\"auto, (max-width: 300px) 100vw, 300px\" \/><\/figure>\n<\/div>\n\n\n\n<div class=\"wp-block-column is-layout-flow wp-block-column-is-layout-flow\">\n<figure class=\"wp-block-image aligncenter size-full\"><img loading=\"lazy\" decoding=\"async\" width=\"300\" height=\"324\" src=\"https:\/\/fc-ans.be\/wp-content\/uploads\/2025\/07\/Fillieux-01.jpg\" alt=\"\" class=\"wp-image-4746\" srcset=\"https:\/\/fc-ans.be\/wp-content\/uploads\/2025\/07\/Fillieux-01.jpg 300w, https:\/\/fc-ans.be\/wp-content\/uploads\/2025\/07\/Fillieux-01-278x300.jpg 278w, https:\/\/fc-ans.be\/wp-content\/uploads\/2025\/07\/Fillieux-01-119x128.jpg 119w, https:\/\/fc-ans.be\/wp-content\/uploads\/2025\/07\/Fillieux-01-30x32.jpg 30w\" sizes=\"auto, (max-width: 300px) 100vw, 300px\" \/><\/figure>\n<\/div>\n<\/div>\n\n\n\n<p><\/p>\n","protected":false},"excerpt":{"rendered":"<p>Ce que l\u2019on fait sur les pelouses r\u00e9sonnera au firmament des classements !Telle est la devise de nos Gladiators D\u00e9couvrez les Gladiators qui vont repr\u00e9senter le FC Ans lors de la saison 2025-2026<\/p>\n","protected":false},"author":1,"featured_media":0,"parent":0,"menu_order":0,"comment_status":"closed","ping_status":"closed","template":"page-no-title","meta":{"footnotes":""},"class_list":["post-4739","page","type-page","status-publish","hentry"],"_links":{"self":[{"href":"https:\/\/fc-ans.be\/index.php?rest_route=\/wp\/v2\/pages\/4739","targetHints":{"allow":["GET"]}}],"collection":[{"href":"https:\/\/fc-ans.be\/index.php?rest_route=\/wp\/v2\/pages"}],"about":[{"href":"https:\/\/fc-ans.be\/index.php?rest_route=\/wp\/v2\/types\/page"}],"author":[{"embeddable":true,"href":"https:\/\/fc-ans.be\/index.php?rest_route=\/wp\/v2\/users\/1"}],"replies":[{"embeddable":true,"href":"https:\/\/fc-ans.be\/index.php?rest_route=%2Fwp%2Fv2%2Fcomments&post=4739"}],"version-history":[{"count":8,"href":"https:\/\/fc-ans.be\/index.php?rest_route=\/wp\/v2\/pages\/4739\/revisions"}],"predecessor-version":[{"id":4834,"href":"https:\/\/fc-ans.be\/index.php?rest_route=\/wp\/v2\/pages\/4739\/revisions\/4834"}],"wp:attachment":[{"href":"https:\/\/fc-ans.be\/index.php?rest_route=%2Fwp%2Fv2%2Fmedia&parent=4739"}],"curies":[{"name":"wp","href":"https:\/\/api.w.org\/{rel}","templated":true}]}}